{"id":368,"date":"2021-03-25T13:40:35","date_gmt":"2021-03-25T13:40:35","guid":{"rendered":"https:\/\/rechtsanwalt-puhe.de\/?page_id=368"},"modified":"2021-09-27T00:37:28","modified_gmt":"2021-09-26T22:37:28","slug":"datenschutzerklaerung","status":"publish","type":"page","link":"https:\/\/rechtsanwalt-puhe.de\/?page_id=368","title":{"rendered":"Datenschutzerkl\u00e4rung"},"content":{"rendered":"\n<p><strong>1. Datenschutzerkl\u00e4rung der Rechtsanwaltskanzlei Puhe<\/strong><\/p>\n\n\n\n<p>Verantwortlicher:<br>Rechtsanwalt Thomas Puhe<br>Jahnstra\u00dfe 17<br>60318 Frankfurt am Main<br>Tel.: (0) 69 \u2013 59 79 66 70<br>Fax: (0) 69 \u2013 59 79 66 86<br>email: <a href=\"mailto:kanzlei@rechtsanwalt-puhe.de\">kanzlei@rechtsanwalt-puhe.de<\/a><br><a href=\"https:\/\/rechtsanwalt-puhe.de\/\" data-type=\"URL\" data-id=\"https:\/\/rechtsanwalt-puhe.de\/\" target=\"_blank\" rel=\"noreferrer noopener\">https:\/\/www.rechtsanwalt-puhe.de<\/a><\/p>\n\n\n\n<p><br>Gem\u00e4\u00df Art. 37 Abs. 4 DSGVO in Verbindung mit \u00a7 38 Abs. 1 BDSG-neu muss in der Rechtsanwaltskanzlei Puhe kein Datenschutzbeauftragter bestellt werden.<\/p>\n\n\n\n<p>Die Rechtsanwaltskanzlei Puhe hat sich bei der Gestaltung dieser Website zur Einhaltung der anwendbaren Rechtsvorschriften, zum Schutz personenbezogener Daten sowie zur Datensicherheit verpflichtet. Im Folgenden m\u00f6chten wir Sie davon in Kenntnis setzen, unter welchen Umst\u00e4nden wir Informationen von Ihnen sammeln, wie wir damit umgehen und wem wir sie gegebenenfalls zur Verf\u00fcgung stellen.<br>&nbsp;<\/p>\n\n\n\n<p><strong>2. Einwilligung zur Datennutzung\/Weitergabe von Daten<\/strong><\/p>\n\n\n\n<p>\u00dcber unsere Website bringen wir keine personenbezogene Daten von Ihnen in Erfahrung (z. B. Namen, Anschrift, Telefonnummer oder E-Mail Adresse), es sei denn, dass sie uns diese freiwillig zur Verf\u00fcgung stellen (z. B. bei Bestellungen, Anfragen) oder die entsprechenden Rechtsvorschriften \u00fcber den Schutz Ihrer Daten dies erlauben.&nbsp;&nbsp;<\/p>\n\n\n\n<p>Eine \u00dcbermittlung Ihrer pers\u00f6nlichen Daten an Dritte zu anderen als den im Folgenden aufgef\u00fchrten Zwecken findet nicht statt.<br><br>Wir geben Ihre pers\u00f6nlichen Daten nur an Dritte weiter, wenn:<br><br>Sie Ihre nach Art. 6 Abs. 1 S. 1 lit. a DSGVO ausdr\u00fcckliche Einwilligung dazu erteilt haben, die Weitergabe nach Art. 6 Abs. 1 S. 1 lit. f DSGVO zur Geltendmachung, Aus\u00fcbung oder Verteidigung von Rechtsanspr\u00fcchen erforderlich ist und kein Grund zur&nbsp;&nbsp; Annahme besteht, dass Sie ein \u00fcberwiegendes schutzw\u00fcrdiges Interesse an der Nichtweitergabe Ihrer Daten haben, f\u00fcr den Fall, dass f\u00fcr die Weitergabe nach Art. 6 Abs. 1 S. 1 lit. c DSGVO eine gesetzliche Verpflichtung besteht, sowie dies gesetzlich zul\u00e4ssig und nach Art. 6 Abs. 1 S. 1 lit. b DSGVO f\u00fcr die Abwicklung von Vertragsverh\u00e4ltnissen mit Ihnen erforderlich ist.<\/p>\n\n\n\n<p><strong>3. E-Mail<\/strong><\/p>\n\n\n\n<p>Sofern Sie mit uns per Email in Kontakt treten, wird Ihre Email-Adresse sowie die von Ihnen freiwillig angegebenen pers\u00f6nlichen Daten, wie z. B. Name, Adresse und Telefonnummer in einer internen Datenbank gespeichert. Eine Weitergabe an Dritte erfolgt nicht. Die L\u00f6schung der gespeicherten personenbezogenen Daten erfolgt, wenn Sie Ihre Einwilligung zur Speicherung widerrufen, wenn ihre Kenntnis zur Erf\u00fcllung des mit der Speicherung verfolgten Zwecks nicht mehr erforderlich ist oder wenn ihre Speicherung aus sonstigen gesetzlichen Gr\u00fcnden unzul\u00e4ssig ist. Beachten Sie bitte, dass bei der Kommunikation per E Mail die vollst\u00e4ndige Datensicherheit von uns nicht gew\u00e4hrleistet werden kann.<\/p>\n\n\n\n<p>Die Rechtsanwaltskanzlei Puhe bietet Ihnen allerdings die M\u00f6glichkeit, Ihre Anfrage verschl\u00fcsselt an unser B\u00fcro zu \u00fcbertragen. Beachten Sie bitte, dass sich dieses Angebot ausdr\u00fccklich an technisch erfahrene Nutzer richtet. Haben Sie daher bitte Verst\u00e4ndnis daf\u00fcr, dass die Rechtsanwaltskanzlei Puhe keinerlei technische Hilfestellung diesbez\u00fcglich geben kann. Bei der eingesetzten Verschl\u00fcssungsmethode handelt sich um \u201ePretty Good Privacy (PGP)\u201c, einem sogenannten asynchronen Verschl\u00fcsselungsverfahren. <a href=\"https:\/\/rechtsanwalt-puhe.de\/?page_id=253\" data-type=\"URL\" data-id=\"https:\/\/rechtsanwalt-puhe.de\/?page_id=253\" target=\"_blank\" rel=\"noreferrer noopener\">Zur Verschl\u00fcsselung &gt;&gt;<\/a><\/p>\n\n\n\n<p><strong>4. Widerruf der Einwilligung \/ Auskunftsrecht<\/strong><\/p>\n\n\n\n<p>Die Einwilligung im Sinne des \u00a7 1 TMG kann jederzeit (schriftlich) widerrufen werden. Bitte verwenden Sie die in der Kopfzeile der Homepage angegebenen Kontaktdaten. Auf schriftliche Anfrage werden wir Sie gern \u00fcber die zu Ihrer Person gespeicherten Daten informieren. Auf Verlangen kann diese Auskunft auch elektronisch erteilt werden.&nbsp;&nbsp;<\/p>\n\n\n\n<p><strong>5. Protokollierung \/ Analyse-Tools<\/strong><\/p>\n\n\n\n<p>Die im Folgenden aufgef\u00fchrten und von uns eingesetzten Tracking-Ma\u00dfnahmen werden auf Grundlage des Art. 6 Abs. 1 S. 1 lit. f DSGVO durchgef\u00fchrt. Mit den zum Einsatz kommenden Tracking-Ma\u00dfnahmen wollen wir eine bedarfsgerechte Gestaltung und die fortlaufende Optimierung unserer Webseite sicherstellen. Zum anderen setzen wir die Tracking-Ma\u00dfnahmen ein, um die Nutzung unserer Webseite statistisch zu erfassen und zum Zwecke der Optimierung unseres Angebotes f\u00fcr Sie auszuwerten. Diese Interessen sind als berechtigt im Sinne der vorgenannten Vorschrift anzusehen.<br><br>Die jeweiligen Datenverarbeitungszwecke und Datenkategorien sind aus den entsprechenden Tracking-Tools zu entnehmen.<\/p>\n\n\n\n<p><strong>5.1. IONOS SE<\/strong><\/p>\n\n\n\n<p>Ein Besuch auf unseren Websites wird durch unseren externen Webhoster, die IONOS SE, Eigendorfer Stra\u00dfe 57, 56410 Montabauer, automatisch protokolliert, ohne dass die Rechtsanwaltskanzlei Puhe darauf technischen Einfluss nehmen kann. Erfasst werden hierbei \u2013 soweit es uns technisch bekannt ist \u2013 die aktuelle IP-Adresse Ihres Rechners, die anfragende URL, die anfragende Domain, der Name der abgerufenen Datei, die \u00fcbertragene Datenmenge, die Meldung \u00fcber den erfolgreichen oder nicht erfolgreichen Abruf von Dateien, das Betriebssystem Ihres Computers, der von Ihnen \u00fcbermittelte Browsertyp, sowie Datum und Uhrzeit des Zugriffs auf unsere Seite. Diese Daten verwerten wir ausschlie\u00dflich zu statistischen Zwecken. Die Rechtsgrundlage f\u00fcr die Datenverarbeitung ist Art. 6 Abs. 1 S. 1 lit. f DSGVO. Unser berechtigtes Interesse folgt aus oben aufgelisteten Zwecken zur Datenerhebung. In keinem Fall verwenden wir die erhobenen Daten zu dem Zweck, R\u00fcckschl\u00fcsse auf Ihre Person zu ziehen.<\/p>\n\n\n\n<p><strong>5.2. Google Analytics \/ Google Adwords Coversion Tracking<\/strong><\/p>\n\n\n\n<p>Diese Website benutzt Google Analytics, einen Webanalysedienst der Google Inc. (\u201eGoogle\u201c). Google Analytics verwendet sog. \u201eCookies\u201c, Textdateien, die auf Ihrem Computer gespeichert werden und die eine Analyse der Benutzung der Website durch Sie erm\u00f6glichen. Die durch den Cookie erzeugten Informationen \u00fcber Ihre Benutzung dieser Website werden in der Regel an einen Server von Google in den USA \u00fcbertragen und dort gespeichert. Im Falle der Aktivierung der IP-Anonymisierung auf dieser Webseite, wird Ihre IP-Adresse von Google jedoch innerhalb von Mitgliedstaaten der Europ\u00e4ischen Union oder in anderen Vertragsstaaten des Abkommens \u00fcber den Europ\u00e4ischen Wirtschaftsraum zuvor gek\u00fcrzt. Nur in Ausnahmef\u00e4llen wird die volle IP-Adresse an einen Server von Google in den USA \u00fcbertragen und dort gek\u00fcrzt. Im Auftrag des Betreibers dieser Website wird Google diese Informationen benutzen, um Ihre Nutzung der Website auszuwerten, um Reports \u00fcber die Websiteaktivit\u00e4ten zusammenzustellen und um weitere mit der Websitenutzung und der Internetnutzung verbundene Dienstleistungen gegen\u00fcber dem Websitebetreiber zu erbringen. Die im Rahmen von Google Analytics von Ihrem Browser \u00fcbermittelte IP-Adresse wird nicht mit anderen Daten von Google zusammengef\u00fchrt. Sie k\u00f6nnen die Speicherung der Cookies durch eine entsprechende Einstellung Ihrer Browser-Software verhindern; wir weisen Sie jedoch darauf hin, dass Sie in diesem Fall gegebenenfalls nicht s\u00e4mtliche Funktionen dieser Website vollumf\u00e4nglich werden nutzen k\u00f6nnen. Sie k\u00f6nnen dar\u00fcber hinaus die Erfassung der durch das Cookie erzeugten und auf Ihre Nutzung der Website bezogenen Daten (inkl. Ihrer IP-Adresse) an Google sowie die Verarbeitung dieser Daten durch Google verhindern, indem sie das unter dem folgenden Link (<a href=\"http:\/tools.google.com\/dlpage\/gaoptout?hl=de\" data-type=\"URL\" data-id=\"http:\/tools.google.com\/dlpage\/gaoptout?hl=de\" target=\"_blank\" rel=\"noreferrer noopener\">http:\/\/tools.google.com\/dlpage\/gaoptout?hl=de<\/a>) verf\u00fcgbare Browser-Plugin herunterladen und installieren.<\/p>\n\n\n\n<p>N\u00e4here Informationen zu Nutzungsbedingungen und Datenschutz finden Sie unter <a href=\"http:\/www.google.com\/analytics\/terms\/de.html\" data-type=\"URL\" data-id=\"http:\/www.google.com\/analytics\/terms\/de.html\" target=\"_blank\" rel=\"noreferrer noopener\">http:\/\/www.google.com\/analytics\/terms\/de.html<\/a> bzw. unter <a href=\"http:\/www.google.com\/intl\/de\/analytics\/privacyoverview.html.\" data-type=\"URL\" data-id=\"http:\/www.google.com\/intl\/de\/analytics\/privacyoverview.html.\" target=\"_blank\" rel=\"noreferrer noopener\">http:\/\/www.google.com\/intl\/de\/analytics\/privacyoverview.html.<\/a> Wir weisen Sie darauf hin, dass auf dieser Webseite Google Analytics um den Code \u201egat._anonymizeIp();\u201c erweitert wurde, um eine anonymisierte Erfassung von IP-Adressen (sog. IP-Masking) zu gew\u00e4hrleisten.<\/p>\n\n\n\n<p><strong><u>Hinweis:<\/u><\/strong>Sie k\u00f6nnen dieser Datenerfassung jedoch widersprechen, indem Sie ein Add-on f\u00fcr Ihren Browser herunterladen und installieren. <a href=\"https:\/\/tools.google.com\/dlpage\/gaoptout?hl=de\" data-type=\"URL\" target=\"_blank\" rel=\"noreferrer noopener\">Add-on f\u00fcr Browser hier herunterladen.<\/a><\/p>\n\n\n\n<p><em>Quelle:<\/em> <a href=\"http:\/\/www.datenschutzbeauftragter-info.de\/\" data-type=\"URL\" data-id=\"http:\/\/www.datenschutzbeauftragter-info.de\/\" target=\"_blank\" rel=\"noreferrer noopener\">www.datenschutzbeauftragter-info.de<\/a><\/p>\n\n\n\n<p><a href=\"https:\/\/rechtsanwalt-puhe.de\/?attachment_id=212\" data-type=\"URL\" data-id=\"https:\/\/rechtsanwalt-puhe.de\/?attachment_id=212\" target=\"_blank\" rel=\"noreferrer noopener\">Datenauftragsverarbeitungsvertrag der Rechtsanwaltskanzlei Puhe mit Google Inc.&nbsp;<\/a><\/p>\n\n\n\n<p><strong>5.3. Google Adwords Conversion Tracking<\/strong><\/p>\n\n\n\n<p>Um die Nutzung unserer Webseite statistisch zu erfassen und zum Zwecke der Optimierung unserer Website f\u00fcr Sie auszuwerten, nutzen wir ferner das Google Conversion Tracking. Dabei wird von Google Adwords ein Cookie (siehe Ziffer\u00a04) auf Ihrem Rechner gesetzt, sofern Sie \u00fcber eine Google-Anzeige auf unsere Webseite gelangt sind. Diese Cookies verlieren nach 30 Tagen ihre G\u00fcltigkeit und dienen nicht der pers\u00f6nlichen Identifizierung. Besucht der Nutzer bestimmte Seiten der Webseite des Adwords-Kunden und das Cookie ist noch nicht abgelaufen, k\u00f6nnen Google und der Kunde erkennen, dass der Nutzer auf die Anzeige geklickt hat und zu dieser Seite weitergeleitet wurde. Jeder Adwords-Kunde erh\u00e4lt ein anderes Cookie. Cookies k\u00f6nnen somit nicht \u00fcber die Webseiten von Adwords-Kunden nachverfolgt werden. Die mithilfe des Conversion-Cookies eingeholten Informationen dienen dazu, Conversion-Statistiken f\u00fcr Adwords-Kunden zu erstellen, die sich f\u00fcr Conversion-Tracking entschieden haben. Die Adwords-Kunden erfahren die Gesamtanzahl der Nutzer, die auf ihre Anzeige geklickt haben und zu einer mit einem Conversion-Tracking-Tag versehenen Seite weitergeleitet wurden. Sie erhalten jedoch keine Informationen, mit denen sich Nutzer pers\u00f6nlich identifizieren lassen. Wenn Sie nicht an dem Tracking-Verfahren teilnehmen m\u00f6chten, k\u00f6nnen Sie auch das hierf\u00fcr erforderliche Setzen eines Cookies ablehnen \u2013 etwa per Browser-Einstellung, die das automatische Setzen von Cookies generell deaktiviert. Sie k\u00f6nnen Cookies f\u00fcr Conversion-Tracking auch deaktivieren, indem Sie Ihren Browser so einstellen, dass Cookies von der Domain \u201ewww.googleadservices.com\u201c blockiert werden.<\/p>\n\n\n\n<p><strong>5.4. OpenStreetMap<\/strong><\/p>\n\n\n\n<p>Datenschutzerkl\u00e4rung von OpenStreetMap<\/p>\n\n\n\n<p><a href=\"https:\/\/wiki.osmfoundation.org\/wiki\/Privacy_Policy\">https:\/\/wiki.osmfoundation.org\/wiki\/Privacy_Policy<\/a><\/p>\n\n\n\n<p><strong>6. Sicherheit<\/strong><\/p>\n\n\n\n<p>Die Rechtsanwaltskanzlei ist im Rahmen des Zumutbaren bem\u00fcht, technische und organisatorische Sicherheitsma\u00dfnahmen zu treffen, um Ihre personenbezogenen Daten gegen unberechtigte Zugriffe, unberechtigte Weitergabe, unrechtm\u00e4\u00dfige L\u00f6schung, Manipulation oder gegen Verlust zu sch\u00fctzen. Unsere Mitarbeiter werden entsprechend datenschutzrechtlich verpflichtet.&nbsp;&nbsp;<\/p>\n\n\n\n<p>Wir verwenden innerhalb des Website-Besuchs das verbreitete SSL-Verfahren (Secure Socket Layer) in Verbindung mit der jeweils h\u00f6chsten Verschl\u00fcsselungsstufe, die von Ihrem Browser unterst\u00fctzt wird. In der Regel handelt es sich dabei um eine 256 Bit Verschl\u00fcsselung. Falls Ihr Browser keine 256-Bit Verschl\u00fcsselung unterst\u00fctzt, greifen wir stattdessen auf 128-Bit v3 Technologie zur\u00fcck. Ob eine einzelne Seite unseres Internetauftrittes verschl\u00fcsselt \u00fcbertragen wird, erkennen Sie an der geschlossenen Darstellung des Sch\u00fcssel- beziehungsweise Schloss-Symbols in der unteren Statusleiste Ihres Browsers.<br><br>Wir bedienen uns im \u00dcbrigen geeigneter technischer und organisatorischer Sicherheitsma\u00dfnahmen, um Ihre Daten gegen zuf\u00e4llige oder vors\u00e4tzliche Manipulationen, teilweisen oder vollst\u00e4ndigen Verlust, Zerst\u00f6rung oder gegen den unbefugten Zugriff Dritter zu sch\u00fctzen. Unsere Sicherheitsma\u00dfnahmen werden entsprechend der technologischen Entwicklung fortlaufend verbessert.<\/p>\n\n\n\n<p><strong>7. Datenaufbewahrung \/ Betroffenenrechte<\/strong><\/p>\n\n\n\n<p>Wir speichern personenbezogene Daten die Sie uns \u00fcbermitteln nur so lange, wie sie ben\u00f6tigt werden, um die Zwecke zu erf\u00fcllen, zu denen diese Daten \u00fcbermittelt wurden, oder solange dies von Gesetzes wegen vorgeschrieben ist.<\/p>\n\n\n\n<p>Sie haben das Recht:<br><br>&nbsp;&nbsp;&nbsp; gem\u00e4\u00df Art. 15 DSGVO Auskunft \u00fcber Ihre von uns verarbeiteten personenbezogenen Daten zu verlangen. Insbesondere k\u00f6nnen Sie Auskunft \u00fcber die Verarbeitungszwecke, die Kategorie der personenbezogenen Daten, die Kategorien von Empf\u00e4ngern, gegen\u00fcber denen Ihre Daten offengelegt wurden oder werden, die geplante Speicherdauer, das Bestehen eines Rechts auf Berichtigung, L\u00f6schung, Einschr\u00e4nkung der Verarbeitung oder Widerspruch, das Bestehen eines Beschwerderechts, die Herkunft ihrer Daten, sofern diese nicht bei uns erhoben wurden, sowie \u00fcber das Bestehen einer automatisierten Entscheidungsfindung einschlie\u00dflich Profiling und ggf. aussagekr\u00e4ftigen Informationen zu deren Einzelheiten verlangen;<br><br>&nbsp;&nbsp;&nbsp; gem\u00e4\u00df Art. 16 DSGVO unverz\u00fcglich die Berichtigung unrichtiger oder Vervollst\u00e4ndigung Ihrer bei uns gespeicherten personenbezogenen Daten zu verlangen;<br><br>&nbsp;&nbsp;&nbsp; gem\u00e4\u00df Art. 17 DSGVO die L\u00f6schung Ihrer bei uns gespeicherten personenbezogenen Daten zu verlangen, soweit nicht die Verarbeitung zur Aus\u00fcbung des Rechts auf freie Meinungs\u00e4u\u00dferung und Information, zur Erf\u00fcllung einer rechtlichen Verpflichtung, aus Gr\u00fcnden des \u00f6ffentlichen Interesses oder zur Geltendmachung, Aus\u00fcbung oder Verteidigung von Rechtsanspr\u00fcchen erforderlich ist;<br><br>&nbsp;&nbsp;&nbsp; gem\u00e4\u00df Art. 18 DSGVO die Einschr\u00e4nkung der Verarbeitung Ihrer personenbezogenen Daten zu verlangen, soweit die Richtigkeit der Daten von Ihnen bestritten wird, die Verarbeitung unrechtm\u00e4\u00dfig ist, Sie aber deren L\u00f6schung ablehnen und wir die Daten nicht mehr ben\u00f6tigen, Sie jedoch diese zur Geltendmachung, Aus\u00fcbung oder Verteidigung von Rechtsanspr\u00fcchen ben\u00f6tigen oder Sie gem\u00e4\u00df Art. 21 DSGVO Widerspruch gegen die Verarbeitung eingelegt haben;<br><br>&nbsp;&nbsp;&nbsp; gem\u00e4\u00df Art. 20 DSGVO Ihre personenbezogenen Daten, die Sie uns bereitgestellt haben, in einem strukturierten, g\u00e4ngigen und maschinenlesebaren Format zu erhalten oder die \u00dcbermittlung an einen anderen Verantwortlichen zu verlangen;<br><br>&nbsp;&nbsp;&nbsp; gem\u00e4\u00df Art. 7 Abs. 3 DSGVO Ihre einmal erteilte Einwilligung jederzeit gegen\u00fcber uns zu widerrufen. Dies hat zur Folge, dass wir die Datenverarbeitung, die auf dieser Einwilligung beruhte, f\u00fcr die Zukunft nicht mehr fortf\u00fchren d\u00fcrfen und<br><br>&nbsp;&nbsp;&nbsp; gem\u00e4\u00df Art. 77 DSGVO sich bei einer Aufsichtsbeh\u00f6rde zu beschweren. In der Regel k\u00f6nnen Sie sich hierf\u00fcr an die Aufsichtsbeh\u00f6rde Ihres \u00fcblichen Aufenthaltsortes oder Arbeitsplatzes oder unseres Kanzleisitzes wenden.<\/p>\n\n\n\n<p><strong>8. Links zu anderen Sites<\/strong><\/p>\n\n\n\n<p>Bei Links auf unseren Websites zu externen Webseiten und Angeboten ist die Rechtsanwaltskanzlei Puhe nicht verantwortlich f\u00fcr die Einhaltung der dortigen Datenschutzanforderungen oder den Inhalt dieser Websites. Die Rechtsanwaltskanzlei Puhe distanziert sich hiermit ausdr\u00fccklich von Inhalt und Gestaltung aller erreichbaren Seiten, die nicht zu dem Domainpfad der Rechtsanwaltskanzlei Puhe geh\u00f6ren, da die Kanzlei auf vorgenannte Punkte keinen Einfluss hat. Des weiteren macht sich die Rechtsanwaltskanzlei Puhe weder den Inhalt noch die Aufbereitung der verlinkten Seiten zu eigen. Diese Erkl\u00e4rung gilt f\u00fcr alle auf dem Domainpfad der Rechtsanwaltskanzlei Puhe ausgebrachten Links, welche nicht auf die eigenen Seiten (www.rechtsanwalt-puhe.de) verweisen.<\/p>\n\n\n\n<p><strong>9. Widerspruchsrecht<\/strong><\/p>\n\n\n\n<p>Sofern Ihre personenbezogenen Daten auf Grundlage von berechtigten Interessen gem\u00e4\u00df Art. 6 Abs. 1 S. 1 lit. f DSGVO verarbeitet werden, haben Sie das Recht, gem\u00e4\u00df Art. 21 DSGVO Widerspruch gegen die Verarbeitung Ihrer personenbezogenen Daten einzulegen, soweit daf\u00fcr Gr\u00fcnde vorliegen, die sich aus Ihrer besonderen Situation ergeben oder sich der Widerspruch gegen Direktwerbung richtet. Im letzteren Fall haben Sie ein generelles Widerspruchsrecht, das ohne Angabe einer besonderen Situation von uns umgesetzt wird.<br><br>M\u00f6chten Sie von Ihrem Widerrufs- oder Widerspruchsrecht Gebrauch machen, gen\u00fcgt eine E-Mail an <a href=\"mailto:kanzlei@rechtsanwalt-puhe.de\">kanzlei@rechtsanwalt-puhe.de<\/a>.<\/p>\n\n\n\n<p><strong>10. Aktualisierung der Datenschutz-Erkl\u00e4rung<\/strong><\/p>\n\n\n\n<p>Aktueller Stand dieser Erkl\u00e4rung ist der 14.03.2018. Im Hinblick auf die laufende technische Weiterentwicklung im Bereich der IT-Technologie und des IT-Rechts behalten wir uns das Recht vor, Erg\u00e4nzungen oder \u00c4nderungen an der vorliegenden Datenschutzerkl\u00e4rung vorzunehmen.&nbsp;<\/p>\n\n\n\n<p><strong>11. Kontakt<\/strong><\/p>\n\n\n\n<p>Sollten Sie Fragen und Anregungen zu dieser Datenschutzerkl\u00e4rung haben, wenden Sie sich bitte an <a href=\"mailto:kannzlei@rechtsanwalt-puhe.de\">kannzlei@rechtsanwalt-puhe.de<\/a>.<\/p>\n<div class=\"pdfprnt-buttons pdfprnt-buttons-page pdfprnt-bottom-right\"><a href=\"https:\/\/rechtsanwalt-puhe.de\/index.php?rest_route=%2Fwp%2Fv2%2Fpages%2F368&print=pdf\" class=\"pdfprnt-button pdfprnt-button-pdf\" target=\"_blank\" ><img decoding=\"async\" src=\"https:\/\/rechtsanwalt-puhe.de\/wp-content\/plugins\/pdf-print\/images\/pdf.png\" alt=\"image_pdf\" title=\"PDF anzeigen\" \/><\/a><a href=\"https:\/\/rechtsanwalt-puhe.de\/index.php?rest_route=%2Fwp%2Fv2%2Fpages%2F368&print=print\" class=\"pdfprnt-button pdfprnt-button-print\" target=\"_blank\" ><img decoding=\"async\" src=\"https:\/\/rechtsanwalt-puhe.de\/wp-content\/plugins\/pdf-print\/images\/print.png\" alt=\"image_print\" title=\"Inhalt drucken\" \/><\/a><\/div>","protected":false},"excerpt":{"rendered":"<p>1. Datenschutzerkl\u00e4rung der Rechtsanwaltskanzlei Puhe Verantwortlicher:Rechtsanwalt Thomas PuheJahnstra\u00dfe 1760318 Frankfurt am MainTel.: (0) 69 \u2013 59 79 66 70Fax: (0) 69 \u2013 59 79 66 86email: kanzlei@rechtsanwalt-puhe.dehttps:\/\/www.rechtsanwalt-puhe.de Gem\u00e4\u00df Art. 37 Abs. 4 DSGVO in Verbindung mit \u00a7 38 Abs. 1 BDSG-neu muss in der Rechtsanwaltskanzlei Puhe kein Datenschutzbeauftragter bestellt werden. Die Rechtsanwaltskanzlei Puhe hat sich [&hellip;]<\/p>\n","protected":false},"author":1,"featured_media":0,"parent":0,"menu_order":0,"comment_status":"closed","ping_status":"closed","template":"","meta":{"site-sidebar-layout":"default","site-content-layout":"default","ast-site-content-layout":"default","site-content-style":"default","site-sidebar-style":"default","ast-global-header-display":"","ast-banner-title-visibility":"","ast-main-header-display":"","ast-hfb-above-header-display":"","ast-hfb-below-header-display":"","ast-hfb-mobile-header-display":"","site-post-title":"","ast-breadcrumbs-content":"","ast-featured-img":"","footer-sml-layout":"","ast-disable-related-posts":"","theme-transparent-header-meta":"default","adv-header-id-meta":"","stick-header-meta":"","header-above-stick-meta":"","header-main-stick-meta":"","header-below-stick-meta":"","astra-migrate-meta-layouts":"default","ast-page-background-enabled":"default","ast-page-background-meta":{"desktop":{"background-color":"","background-image":"","background-repeat":"repeat","background-position":"center center","background-size":"auto","background-attachment":"scroll","background-type":"","background-media":"","overlay-type":"","overlay-color":"","overlay-opacity":"","overlay-gradient":""},"tablet":{"background-color":"","background-image":"","background-repeat":"repeat","background-position":"center center","background-size":"auto","background-attachment":"scroll","background-type":"","background-media":"","overlay-type":"","overlay-color":"","overlay-opacity":"","overlay-gradient":""},"mobile":{"background-color":"","background-image":"","background-repeat":"repeat","background-position":"center center","background-size":"auto","background-attachment":"scroll","background-type":"","background-media":"","overlay-type":"","overlay-color":"","overlay-opacity":"","overlay-gradient":""}},"ast-content-background-meta":{"desktop":{"background-color":"var(--ast-global-color-5)","background-image":"","background-repeat":"repeat","background-position":"center center","background-size":"auto","background-attachment":"scroll","background-type":"","background-media":"","overlay-type":"","overlay-color":"","overlay-opacity":"","overlay-gradient":""},"tablet":{"background-color":"var(--ast-global-color-5)","background-image":"","background-repeat":"repeat","background-position":"center center","background-size":"auto","background-attachment":"scroll","background-type":"","background-media":"","overlay-type":"","overlay-color":"","overlay-opacity":"","overlay-gradient":""},"mobile":{"background-color":"var(--ast-global-color-5)","background-image":"","background-repeat":"repeat","background-position":"center center","background-size":"auto","background-attachment":"scroll","background-type":"","background-media":"","overlay-type":"","overlay-color":"","overlay-opacity":"","overlay-gradient":""}},"footnotes":""},"class_list":["post-368","page","type-page","status-publish","hentry"],"_links":{"self":[{"href":"https:\/\/rechtsanwalt-puhe.de\/index.php?rest_route=\/wp\/v2\/pages\/368","targetHints":{"allow":["GET"]}}],"collection":[{"href":"https:\/\/rechtsanwalt-puhe.de\/index.php?rest_route=\/wp\/v2\/pages"}],"about":[{"href":"https:\/\/rechtsanwalt-puhe.de\/index.php?rest_route=\/wp\/v2\/types\/page"}],"author":[{"embeddable":true,"href":"https:\/\/rechtsanwalt-puhe.de\/index.php?rest_route=\/wp\/v2\/users\/1"}],"replies":[{"embeddable":true,"href":"https:\/\/rechtsanwalt-puhe.de\/index.php?rest_route=%2Fwp%2Fv2%2Fcomments&post=368"}],"version-history":[{"count":13,"href":"https:\/\/rechtsanwalt-puhe.de\/index.php?rest_route=\/wp\/v2\/pages\/368\/revisions"}],"predecessor-version":[{"id":624,"href":"https:\/\/rechtsanwalt-puhe.de\/index.php?rest_route=\/wp\/v2\/pages\/368\/revisions\/624"}],"wp:attachment":[{"href":"https:\/\/rechtsanwalt-puhe.de\/index.php?rest_route=%2Fwp%2Fv2%2Fmedia&parent=368"}],"curies":[{"name":"wp","href":"https:\/\/api.w.org\/{rel}","templated":true}]}}