{"id":253,"date":"2021-03-16T23:19:41","date_gmt":"2021-03-16T23:19:41","guid":{"rendered":"https:\/\/rechtsanwalt-puhe.de\/?page_id=253"},"modified":"2022-05-09T12:38:19","modified_gmt":"2022-05-09T10:38:19","slug":"verschluesselte-anfrage-pgp","status":"publish","type":"page","link":"https:\/\/rechtsanwalt-puhe.de\/?page_id=253","title":{"rendered":"Verschl\u00fcsselte Anfrage (PGP)"},"content":{"rendered":"\n<p>Die Rechtsanwaltskanzlei Puhe bietet Ihnen die M\u00f6glichkeit, Ihre Anfrage verschl\u00fcsselt an unser B\u00fcro zu \u00fcbertragen. Beachten Sie bitte, dass sich dieses Angebot ausdr\u00fccklich an technisch erfahrene Nutzer richtet. Haben Sie daher bitte Verst\u00e4ndnis daf\u00fcr, dass die Rechtsanwaltskanzlei Puhe keinerlei technische Hilfestellung diesbez\u00fcglich geben kann. Bei der eingesetzten Verschl\u00fcssungsmethode handelt sich um \u201ePretty Good Privacy (PGP)\u201c, einem sogenannten asynchronen Verschl\u00fcsselungsverfahren.<\/p>\n\n\n\n<p>\u00d6ffentlicher PGP-Schl\u00fcssel der Kanzlei Puhe:<\/p>\n\n\n\n<div class=\"wp-block-file\"><a id=\"wp-block-file--media-0d771f01-a757-4eeb-8950-de77e00f20e0\" href=\"https:\/\/rechtsanwalt-puhe.de\/wp-content\/uploads\/2022\/05\/Thomas-Puhe_0x243EAFD1_public.asc.pdf\">Thomas Puhe_0x243EAFD1_public.asc<\/a><a href=\"https:\/\/rechtsanwalt-puhe.de\/wp-content\/uploads\/2022\/05\/Thomas-Puhe_0x243EAFD1_public.asc.pdf\" class=\"wp-block-file__button\" download aria-describedby=\"wp-block-file--media-0d771f01-a757-4eeb-8950-de77e00f20e0\">Herunterladen<\/a><\/div>\n\n\n\n<p>Die <strong>verschl\u00fcsselte<\/strong> Datei senden Sie dann bitte an <a href=\"mailto:pgp@rechtsanwalt-puhe.de\"><strong>pgp@rechtsanwalt-puhe.de<\/strong><\/a><\/p>\n\n\n\n<p>Um die Integrit\u00e4t des \u00f6ffentlichen Schl\u00fcssels sicherzustellen, sollte der unten stehende Fingerabdruck telefonisch mit der Kanzlei abgeglichen werden.&nbsp;<\/p>\n\n\n\n<figure class=\"wp-block-table is-style-regular\"><table><tbody><tr><td><strong>Technische Hinweise<\/strong><\/td><\/tr><tr><td>Benutzer-ID:<\/td><td>Rechtsanwalt Puhe <a href=\"mailto:pgp@rechtsanwalt-puhe.de\">pgp@rechtsanwalt-puhe.de<\/a><\/td><\/tr><tr><td>G\u00fcltigkeit:<\/td><td>Unbegrenzt ab 2022-05-06 <\/td><\/tr><tr><td>Zertifikatstyp:<\/td><td>ed25519, cv25519<\/td><\/tr><tr><td>Fingerabdruck:<\/td><td>BBF7 9420 C58A 8282 97A7 51C5 13C0 8007 243E AFD1<\/td><\/tr><tr><td>Eigent\u00fcmer-Vertrauen:<\/td><td>uneingeschr\u00e4nkt<\/td><\/tr><\/tbody><\/table><\/figure>\n\n\n\n<p>&nbsp;<a href=\"http:\/www.gnupg.org\/\" data-type=\"URL\" data-id=\"http:\/www.gnupg.org\/\" target=\"_blank\" rel=\"noreferrer noopener\">Informationen und Software zu PGP (GnuPG)<\/a><\/p>\n<div class=\"pdfprnt-buttons pdfprnt-buttons-page pdfprnt-bottom-right\"><a href=\"https:\/\/rechtsanwalt-puhe.de\/index.php?rest_route=%2Fwp%2Fv2%2Fpages%2F253&print=pdf\" class=\"pdfprnt-button pdfprnt-button-pdf\" target=\"_blank\" ><img decoding=\"async\" src=\"https:\/\/rechtsanwalt-puhe.de\/wp-content\/plugins\/pdf-print\/images\/pdf.png\" alt=\"image_pdf\" title=\"PDF anzeigen\" \/><\/a><a href=\"https:\/\/rechtsanwalt-puhe.de\/index.php?rest_route=%2Fwp%2Fv2%2Fpages%2F253&print=print\" class=\"pdfprnt-button pdfprnt-button-print\" target=\"_blank\" ><img decoding=\"async\" src=\"https:\/\/rechtsanwalt-puhe.de\/wp-content\/plugins\/pdf-print\/images\/print.png\" alt=\"image_print\" title=\"Inhalt drucken\" \/><\/a><\/div>","protected":false},"excerpt":{"rendered":"<p>Die Rechtsanwaltskanzlei Puhe bietet Ihnen die M\u00f6glichkeit, Ihre Anfrage verschl\u00fcsselt an unser B\u00fcro zu \u00fcbertragen. Beachten Sie bitte, dass sich dieses Angebot ausdr\u00fccklich an technisch erfahrene Nutzer richtet. Haben Sie daher bitte Verst\u00e4ndnis daf\u00fcr, dass die Rechtsanwaltskanzlei Puhe keinerlei technische Hilfestellung diesbez\u00fcglich geben kann. Bei der eingesetzten Verschl\u00fcssungsmethode handelt sich um \u201ePretty Good Privacy (PGP)\u201c, [&hellip;]<\/p>\n","protected":false},"author":1,"featured_media":0,"parent":0,"menu_order":0,"comment_status":"closed","ping_status":"closed","template":"","meta":{"site-sidebar-layout":"default","site-content-layout":"default","ast-site-content-layout":"default","site-content-style":"default","site-sidebar-style":"default","ast-global-header-display":"","ast-banner-title-visibility":"","ast-main-header-display":"","ast-hfb-above-header-display":"","ast-hfb-below-header-display":"","ast-hfb-mobile-header-display":"","site-post-title":"","ast-breadcrumbs-content":"","ast-featured-img":"","footer-sml-layout":"","ast-disable-related-posts":"","theme-transparent-header-meta":"default","adv-header-id-meta":"","stick-header-meta":"","header-above-stick-meta":"","header-main-stick-meta":"","header-below-stick-meta":"","astra-migrate-meta-layouts":"default","ast-page-background-enabled":"default","ast-page-background-meta":{"desktop":{"background-color":"","background-image":"","background-repeat":"repeat","background-position":"center center","background-size":"auto","background-attachment":"scroll","background-type":"","background-media":"","overlay-type":"","overlay-color":"","overlay-opacity":"","overlay-gradient":""},"tablet":{"background-color":"","background-image":"","background-repeat":"repeat","background-position":"center center","background-size":"auto","background-attachment":"scroll","background-type":"","background-media":"","overlay-type":"","overlay-color":"","overlay-opacity":"","overlay-gradient":""},"mobile":{"background-color":"","background-image":"","background-repeat":"repeat","background-position":"center center","background-size":"auto","background-attachment":"scroll","background-type":"","background-media":"","overlay-type":"","overlay-color":"","overlay-opacity":"","overlay-gradient":""}},"ast-content-background-meta":{"desktop":{"background-color":"var(--ast-global-color-5)","background-image":"","background-repeat":"repeat","background-position":"center center","background-size":"auto","background-attachment":"scroll","background-type":"","background-media":"","overlay-type":"","overlay-color":"","overlay-opacity":"","overlay-gradient":""},"tablet":{"background-color":"var(--ast-global-color-5)","background-image":"","background-repeat":"repeat","background-position":"center center","background-size":"auto","background-attachment":"scroll","background-type":"","background-media":"","overlay-type":"","overlay-color":"","overlay-opacity":"","overlay-gradient":""},"mobile":{"background-color":"var(--ast-global-color-5)","background-image":"","background-repeat":"repeat","background-position":"center center","background-size":"auto","background-attachment":"scroll","background-type":"","background-media":"","overlay-type":"","overlay-color":"","overlay-opacity":"","overlay-gradient":""}},"footnotes":""},"class_list":["post-253","page","type-page","status-publish","hentry"],"_links":{"self":[{"href":"https:\/\/rechtsanwalt-puhe.de\/index.php?rest_route=\/wp\/v2\/pages\/253","targetHints":{"allow":["GET"]}}],"collection":[{"href":"https:\/\/rechtsanwalt-puhe.de\/index.php?rest_route=\/wp\/v2\/pages"}],"about":[{"href":"https:\/\/rechtsanwalt-puhe.de\/index.php?rest_route=\/wp\/v2\/types\/page"}],"author":[{"embeddable":true,"href":"https:\/\/rechtsanwalt-puhe.de\/index.php?rest_route=\/wp\/v2\/users\/1"}],"replies":[{"embeddable":true,"href":"https:\/\/rechtsanwalt-puhe.de\/index.php?rest_route=%2Fwp%2Fv2%2Fcomments&post=253"}],"version-history":[{"count":20,"href":"https:\/\/rechtsanwalt-puhe.de\/index.php?rest_route=\/wp\/v2\/pages\/253\/revisions"}],"predecessor-version":[{"id":843,"href":"https:\/\/rechtsanwalt-puhe.de\/index.php?rest_route=\/wp\/v2\/pages\/253\/revisions\/843"}],"wp:attachment":[{"href":"https:\/\/rechtsanwalt-puhe.de\/index.php?rest_route=%2Fwp%2Fv2%2Fmedia&parent=253"}],"curies":[{"name":"wp","href":"https:\/\/api.w.org\/{rel}","templated":true}]}}